{"id":8,"date":"2017-05-02T14:23:57","date_gmt":"2017-05-02T14:23:57","guid":{"rendered":"http:\/\/pruebasneuro.co\/mariadelpilar\/?page_id=8"},"modified":"2019-08-28T13:50:21","modified_gmt":"2019-08-28T13:50:21","slug":"quienes-somos","status":"publish","type":"page","link":"https:\/\/psicologiaysalud.com.co\/\/quienes-somos\/","title":{"rendered":"\u00bfC\u00f3mo lo hago?"},"content":{"rendered":"<p>[vc_row][vc_column][vc_column_text]<\/p>\n<h2>\u00bfC\u00d3MO LO HAGO?<\/h2>\n<p>[\/vc_column_text][vc_column_text]<\/p>\n<p style=\"text-align: justify;\">Mi forma de trabajo es la siguiente. Primero, se realizan unas sesiones de evaluaci\u00f3n para decidir los objetivos terap\u00e9uticos que se buscan cumplir. Seg\u00fan eso, se establece un n\u00famero determinado de sesiones y se define c\u00f3mo se va a trabajar.\u00a0 La frecuencia suele ser semanal y a medida que se vaya avanzando se considerar\u00eda espaciar las sesiones (quincenal, mensual) \u2013 una sesi\u00f3n puede durar aproximadamente 50 \u2013 60 minutos-.<\/p>\n<p style=\"text-align: justify;\">Al finalizar, se realiza una reevaluaci\u00f3n para verificar que se ha llegado a los objetivos, medir los progresos y ver si se sigue trabajando o si ya no es necesario.<\/p>\n<p style=\"text-align: justify;\">Y como todo esto hace parte de un trabajo continuo, en progreso, perder una sesi\u00f3n puede hacer retrasar los objetivos propuestos.<\/p>\n<p style=\"text-align: justify;\">Por otro lado, el trabajo terap\u00e9utico se aborda desde un enfoque COGNITIVO CONDUCTUAL, el cual, seg\u00fan la American Psychological Association (APA), es la orientaci\u00f3n psicoterap\u00e9utica que cuenta con mayor evidencia emp\u00edrica y experimental sobre su eficacia y efectividad.<\/p>\n<p style=\"text-align: justify;\">Los tratamientos est\u00e1n dise\u00f1ados para ayudarle, por un lado, a reconocer la conexi\u00f3n que existe entre los pensamientos, las emociones y la conducta; a identificar, a probar la realidad y corregir concepciones, creencias o pensamientos que est\u00e1n siendo poco efectivos o disfuncionales; y a cambiar la relaci\u00f3n con la experiencia interna (sensaciones o emociones), a trav\u00e9s de la aceptaci\u00f3n, en lugar de seguir intentando eliminarla o modificarla.<\/p>\n<p style=\"text-align: justify;\">La idea es que, al finalizar el tratamiento, no s\u00f3lo se haya resuelto el problema que le trajo a consulta, sino que, adem\u00e1s, haya aprendido nuevas habilidades para afrontar con mayor efectividad cualquier situaci\u00f3n desafiante que pueda surgir en el futuro.<\/p>\n<p>[\/vc_column_text][\/vc_column][\/vc_row][vc_row][vc_column][vc_media_grid grid_id=\u00bbvc_gid:1567000156997-d2e8f134-5c2c-0&#8243; include=\u00bb201,196,200,199,198,197&#8243;][\/vc_column][\/vc_row]<\/p>\n","protected":false},"excerpt":{"rendered":"<p>[vc_row][vc_column][vc_column_text] \u00bfC\u00d3MO LO HAGO? [\/vc_column_text][vc_column_text] Mi forma de trabajo es la siguiente. Primero, se realizan <a class=\"read-more\" href=\"https:\/\/psicologiaysalud.com.co\/\/quienes-somos\/\">Read More<\/a><\/p>\n","protected":false},"author":1,"featured_media":79,"parent":0,"menu_order":0,"comment_status":"closed","ping_status":"closed","template":"","meta":[],"acf":[],"yoast_head":"<!-- This site is optimized with the Yoast SEO plugin v20.3 - https:\/\/yoast.com\/wordpress\/plugins\/seo\/ -->\n<title>\u00bfC\u00f3mo lo hago? - Dra. Maria del Pilar<\/title>\n<meta name=\"robots\" content=\"index, follow, max-snippet:-1, max-image-preview:large, max-video-preview:-1\" \/>\n<link rel=\"canonical\" href=\"https:\/\/psicologiaysalud.com.co\/\/quienes-somos\/\" \/>\n<meta property=\"og:locale\" content=\"es_ES\" \/>\n<meta property=\"og:type\" content=\"article\" \/>\n<meta property=\"og:title\" content=\"\u00bfC\u00f3mo lo hago? - Dra. Maria del Pilar\" \/>\n<meta property=\"og:description\" content=\"[vc_row][vc_column][vc_column_text] \u00bfC\u00d3MO LO HAGO? [\/vc_column_text][vc_column_text] Mi forma de trabajo es la siguiente. Primero, se realizan Read More\" \/>\n<meta property=\"og:url\" content=\"https:\/\/psicologiaysalud.com.co\/\/quienes-somos\/\" \/>\n<meta property=\"og:site_name\" content=\"Dra. Maria del Pilar\" \/>\n<meta property=\"article:modified_time\" content=\"2019-08-28T13:50:21+00:00\" \/>\n<meta property=\"og:image\" content=\"https:\/\/psicologiaysalud.com.co\/wp-content\/uploads\/2017\/05\/terapia-cognitivo-1.jpg\" \/>\n\t<meta property=\"og:image:width\" content=\"1920\" \/>\n\t<meta property=\"og:image:height\" content=\"250\" \/>\n\t<meta property=\"og:image:type\" content=\"image\/jpeg\" \/>\n<meta name=\"twitter:card\" content=\"summary_large_image\" \/>\n<meta name=\"twitter:label1\" content=\"Tiempo de lectura\" \/>\n\t<meta name=\"twitter:data1\" content=\"2 minutos\" \/>\n<script type=\"application\/ld+json\" class=\"yoast-schema-graph\">{\"@context\":\"https:\/\/schema.org\",\"@graph\":[{\"@type\":\"WebPage\",\"@id\":\"https:\/\/psicologiaysalud.com.co\/\/quienes-somos\/\",\"url\":\"https:\/\/psicologiaysalud.com.co\/\/quienes-somos\/\",\"name\":\"\u00bfC\u00f3mo lo hago? - Dra. Maria del Pilar\",\"isPartOf\":{\"@id\":\"https:\/\/psicologiaysalud.com.co\/#website\"},\"datePublished\":\"2017-05-02T14:23:57+00:00\",\"dateModified\":\"2019-08-28T13:50:21+00:00\",\"breadcrumb\":{\"@id\":\"https:\/\/psicologiaysalud.com.co\/\/quienes-somos\/#breadcrumb\"},\"inLanguage\":\"es\",\"potentialAction\":[{\"@type\":\"ReadAction\",\"target\":[\"https:\/\/psicologiaysalud.com.co\/\/quienes-somos\/\"]}]},{\"@type\":\"BreadcrumbList\",\"@id\":\"https:\/\/psicologiaysalud.com.co\/\/quienes-somos\/#breadcrumb\",\"itemListElement\":[{\"@type\":\"ListItem\",\"position\":1,\"name\":\"Portada\",\"item\":\"https:\/\/psicologiaysalud.com.co\/\"},{\"@type\":\"ListItem\",\"position\":2,\"name\":\"\u00bfC\u00f3mo lo hago?\"}]},{\"@type\":\"WebSite\",\"@id\":\"https:\/\/psicologiaysalud.com.co\/#website\",\"url\":\"https:\/\/psicologiaysalud.com.co\/\",\"name\":\"Dra. Maria del Pilar\",\"description\":\"\",\"potentialAction\":[{\"@type\":\"SearchAction\",\"target\":{\"@type\":\"EntryPoint\",\"urlTemplate\":\"https:\/\/psicologiaysalud.com.co\/?s={search_term_string}\"},\"query-input\":\"required name=search_term_string\"}],\"inLanguage\":\"es\"}]}<\/script>\n<!-- \/ Yoast SEO plugin. -->","yoast_head_json":{"title":"\u00bfC\u00f3mo lo hago? - Dra. Maria del Pilar","robots":{"index":"index","follow":"follow","max-snippet":"max-snippet:-1","max-image-preview":"max-image-preview:large","max-video-preview":"max-video-preview:-1"},"canonical":"https:\/\/psicologiaysalud.com.co\/\/quienes-somos\/","og_locale":"es_ES","og_type":"article","og_title":"\u00bfC\u00f3mo lo hago? - Dra. Maria del Pilar","og_description":"[vc_row][vc_column][vc_column_text] \u00bfC\u00d3MO LO HAGO? [\/vc_column_text][vc_column_text] Mi forma de trabajo es la siguiente. Primero, se realizan Read More","og_url":"https:\/\/psicologiaysalud.com.co\/\/quienes-somos\/","og_site_name":"Dra. Maria del Pilar","article_modified_time":"2019-08-28T13:50:21+00:00","og_image":[{"width":1920,"height":250,"url":"https:\/\/psicologiaysalud.com.co\/wp-content\/uploads\/2017\/05\/terapia-cognitivo-1.jpg","type":"image\/jpeg"}],"twitter_card":"summary_large_image","twitter_misc":{"Tiempo de lectura":"2 minutos"},"schema":{"@context":"https:\/\/schema.org","@graph":[{"@type":"WebPage","@id":"https:\/\/psicologiaysalud.com.co\/\/quienes-somos\/","url":"https:\/\/psicologiaysalud.com.co\/\/quienes-somos\/","name":"\u00bfC\u00f3mo lo hago? - Dra. Maria del Pilar","isPartOf":{"@id":"https:\/\/psicologiaysalud.com.co\/#website"},"datePublished":"2017-05-02T14:23:57+00:00","dateModified":"2019-08-28T13:50:21+00:00","breadcrumb":{"@id":"https:\/\/psicologiaysalud.com.co\/\/quienes-somos\/#breadcrumb"},"inLanguage":"es","potentialAction":[{"@type":"ReadAction","target":["https:\/\/psicologiaysalud.com.co\/\/quienes-somos\/"]}]},{"@type":"BreadcrumbList","@id":"https:\/\/psicologiaysalud.com.co\/\/quienes-somos\/#breadcrumb","itemListElement":[{"@type":"ListItem","position":1,"name":"Portada","item":"https:\/\/psicologiaysalud.com.co\/"},{"@type":"ListItem","position":2,"name":"\u00bfC\u00f3mo lo hago?"}]},{"@type":"WebSite","@id":"https:\/\/psicologiaysalud.com.co\/#website","url":"https:\/\/psicologiaysalud.com.co\/","name":"Dra. Maria del Pilar","description":"","potentialAction":[{"@type":"SearchAction","target":{"@type":"EntryPoint","urlTemplate":"https:\/\/psicologiaysalud.com.co\/?s={search_term_string}"},"query-input":"required name=search_term_string"}],"inLanguage":"es"}]}},"_links":{"self":[{"href":"https:\/\/psicologiaysalud.com.co\/\/wp-json\/wp\/v2\/pages\/8"}],"collection":[{"href":"https:\/\/psicologiaysalud.com.co\/\/wp-json\/wp\/v2\/pages"}],"about":[{"href":"https:\/\/psicologiaysalud.com.co\/\/wp-json\/wp\/v2\/types\/page"}],"author":[{"embeddable":true,"href":"https:\/\/psicologiaysalud.com.co\/\/wp-json\/wp\/v2\/users\/1"}],"replies":[{"embeddable":true,"href":"https:\/\/psicologiaysalud.com.co\/\/wp-json\/wp\/v2\/comments?post=8"}],"version-history":[{"count":20,"href":"https:\/\/psicologiaysalud.com.co\/\/wp-json\/wp\/v2\/pages\/8\/revisions"}],"predecessor-version":[{"id":213,"href":"https:\/\/psicologiaysalud.com.co\/\/wp-json\/wp\/v2\/pages\/8\/revisions\/213"}],"wp:featuredmedia":[{"embeddable":true,"href":"https:\/\/psicologiaysalud.com.co\/\/wp-json\/wp\/v2\/media\/79"}],"wp:attachment":[{"href":"https:\/\/psicologiaysalud.com.co\/\/wp-json\/wp\/v2\/media?parent=8"}],"curies":[{"name":"wp","href":"https:\/\/api.w.org\/{rel}","templated":true}]}}